{"id":9615,"date":"2020-07-07T15:45:08","date_gmt":"2020-07-07T15:45:08","guid":{"rendered":"https:\/\/www.villaperest.com\/?page_id=9615"},"modified":"2020-07-07T15:51:04","modified_gmt":"2020-07-07T15:51:04","slug":"general-information","status":"publish","type":"page","link":"https:\/\/www.villaperest.com\/tr\/general-information\/","title":{"rendered":"Genel Bilgiler"},"content":{"rendered":"[vc_row][vc_column]<div class=\"dreamvilla-vertical-space2\"><\/div>[\/vc_column][\/vc_row][vc_row][vc_column][vc_column_text]\n<h2><strong>Genel Bilgiler<\/strong><\/h2>\n<p><em><strong>Giri\u015f ve \u00c7\u0131k\u0131\u015f Saatleri:<\/strong><\/em><\/p>\n<p>Villa giri\u015f saati 15:00&#8217;dan sonra ve \u00e7\u0131k\u0131\u015f saati 10:00&#8217;a kadard\u0131r. Giri\u015f ve \u00e7\u0131k\u0131\u015f saatleri rezervasyonda belirtilmektedir ve misafirlerimizin tatil planlar\u0131n\u0131 yaparken bu saatleri dikkate almalar\u0131 ve haber vermeleri, her iki taraf\u0131nda ma\u011fdur olmamas\u0131 ad\u0131na \u00f6nemlidir.<\/p>\n<p><em><strong>Villa Kapasitesi:<\/strong><\/em><\/p>\n<p>Villa kapasite bilgileri sayfalarda belirtilmektedir,bu kapasiteden fazla ki\u015finin konaklama yap\u0131lmas\u0131na izin verilmez. Villada konaklama yapan misafirlerimiz Polis\/Jandarma kimlik bildirim sistemine kaydedilmektedir. Rezervasyon formundaki ki\u015fi listesinden ayr\u0131 veyahut ilave ki\u015filerin konaklamas\u0131 yasalar\u0131m\u0131z \u00e7er\u00e7evesinde de su\u00e7tur. Konaklayacak ki\u015filer eve giri\u015fte kimlik bildirim sistemine kaydedilir.<\/p>\n<p><strong><em>Depozito:<\/em><\/strong><\/p>\n<p>Depozito villaya giri\u015fte al\u0131n\u0131r,herhangi bir hasar,kay\u0131p olmamas\u0131 durumda villadan \u00e7\u0131k\u0131\u015fta geri iade edilir.\u00a0 Ki\u015filerin etnik yap\u0131s\u0131,milliyet ,renk,ya\u015f cinsiyet gibi konular\u0131n depozitin belirlenmesiyle etkisi yoktur.<\/p>\n<p><em><strong>Fiyata neler dahildir?<\/strong><\/em><\/p>\n<p>Elektrik,su,t\u00fcp kullan\u0131m\u0131,bah\u00e7e ve havuz bak\u0131m\u0131 fiyat\u0131m\u0131za dahildir. Bunlar i\u00e7in ekstra para talep edilmez.<\/p>\n<p><em><strong>Temizlik :<\/strong><\/em><\/p>\n<p>Villalam\u0131z giri\u015fte misafirlerimize temiz bir \u015fekilde teslim edilir. 1 haftadan daha az konaklamalarda ekstra temizlik \u00fccreti talep edilebilir. Rezervasyon yap\u0131l\u0131rken bu size belitilmektedir. B\u00f6cek ve sinek ila\u00e7lamas\u0131 d\u00fczenli olarak firmalar taraf\u0131ndan yap\u0131lmaktad\u0131r. Villam\u0131z do\u011fal ortamda oldu\u011fu i\u00e7in olabildi\u011fince bu konularda hassas davran\u0131yoruz.<\/p>\n<p>&nbsp;<\/p>\n<p>&nbsp;<\/p>\n[\/vc_column_text][\/vc_column][\/vc_row]\n","protected":false},"excerpt":{"rendered":"<p>[vc_row][vc_column][\/vc_column][\/vc_row][vc_row][vc_column][vc_column_text] Genel Bilgiler Giri\u015f ve \u00c7\u0131k\u0131\u015f Saatleri: Villa giri\u015f saati 15:00&#8217;dan sonra ve \u00e7\u0131k\u0131\u015f saati 10:00&#8217;a kadard\u0131r. Giri\u015f ve \u00e7\u0131k\u0131\u015f saatleri rezervasyonda belirtilmektedir ve misafirlerimizin tatil planlar\u0131n\u0131 yaparken bu saatleri dikkate almalar\u0131 ve haber vermeleri, her iki taraf\u0131nda ma\u011fdur olmamas\u0131 ad\u0131na \u00f6nemlidir. Villa Kapasitesi: Villa kapasite bilgileri sayfalarda belirtilmektedir,bu kapasiteden fazla ki\u015finin konaklama yap\u0131lmas\u0131na izin &hellip; <a href=\"https:\/\/www.villaperest.com\/tr\/general-information\/\" class=\"more-link\">Continue reading <span class=\"screen-reader-text\">Genel Bilgiler<\/span><\/a><\/p>\n","protected":false},"author":1,"featured_media":0,"parent":0,"menu_order":0,"comment_status":"closed","ping_status":"closed","template":"","meta":{"_joinchat":[],"footnotes":""},"class_list":["post-9615","page","type-page","status-publish","hentry"],"translation":{"provider":"WPGlobus","version":"3.0.2","language":"tr","enabled_languages":["en","tr"],"languages":{"en":{"title":true,"content":true,"excerpt":false},"tr":{"title":true,"content":true,"excerpt":false}}},"yoast_head":"<!-- This site is optimized with the Yoast SEO plugin v27.4 - https:\/\/yoast.com\/product\/yoast-seo-wordpress\/ -->\n<title>Genel Bilgiler - Villa Perest<\/title>\n<meta name=\"robots\" content=\"index, follow, max-snippet:-1, max-image-preview:large, max-video-preview:-1\" \/>\n<link rel=\"canonical\" href=\"https:\/\/www.villaperest.com\/general-information\/\" \/>\n<meta property=\"og:locale\" content=\"tr_TR\" \/>\n<meta property=\"og:type\" content=\"article\" \/>\n<meta property=\"og:title\" content=\"Genel Bilgiler - Villa Perest\" \/>\n<meta property=\"og:url\" content=\"https:\/\/www.villaperest.com\/general-information\/\" \/>\n<meta property=\"og:site_name\" content=\"Villa Perest\" \/>\n<meta property=\"article:modified_time\" content=\"2020-07-07T15:51:04+00:00\" \/>\n<meta name=\"twitter:card\" content=\"summary_large_image\" \/>\n<meta name=\"twitter:label1\" content=\"Tahmini okuma s\u00fcresi\" \/>\n\t<meta name=\"twitter:data1\" content=\"2 dakika\" \/>\n<script type=\"application\/ld+json\" class=\"yoast-schema-graph\">{\"@context\":\"https:\\\/\\\/schema.org\",\"@graph\":[{\"@type\":\"WebPage\",\"@id\":\"https:\\\/\\\/www.villaperest.com\\\/general-information\\\/\",\"url\":\"https:\\\/\\\/www.villaperest.com\\\/general-information\\\/\",\"name\":\"Genel Bilgiler - Villa Perest\",\"isPartOf\":{\"@id\":\"https:\\\/\\\/www.villaperest.com\\\/#website\"},\"datePublished\":\"2020-07-07T15:45:08+00:00\",\"dateModified\":\"2020-07-07T15:51:04+00:00\",\"breadcrumb\":{\"@id\":\"https:\\\/\\\/www.villaperest.com\\\/general-information\\\/#breadcrumb\"},\"inLanguage\":\"tr\",\"potentialAction\":[{\"@type\":\"ReadAction\",\"target\":[\"https:\\\/\\\/www.villaperest.com\\\/general-information\\\/\"]}]},{\"@type\":\"BreadcrumbList\",\"@id\":\"https:\\\/\\\/www.villaperest.com\\\/general-information\\\/#breadcrumb\",\"itemListElement\":[{\"@type\":\"ListItem\",\"position\":1,\"name\":\"Anasayfa\",\"item\":\"https:\\\/\\\/www.villaperest.com\\\/\"},{\"@type\":\"ListItem\",\"position\":2,\"name\":\"General Information\"}]},{\"@type\":\"WebSite\",\"@id\":\"https:\\\/\\\/www.villaperest.com\\\/#website\",\"url\":\"https:\\\/\\\/www.villaperest.com\\\/\",\"name\":\"Villa Perest\",\"description\":\"Villa Kiralama, G\u00f6cek, Fethiye\",\"potentialAction\":[{\"@type\":\"SearchAction\",\"target\":{\"@type\":\"EntryPoint\",\"urlTemplate\":\"https:\\\/\\\/www.villaperest.com\\\/?s={search_term_string}\"},\"query-input\":{\"@type\":\"PropertyValueSpecification\",\"valueRequired\":true,\"valueName\":\"search_term_string\"}}],\"inLanguage\":\"tr\"}]}<\/script>\n<!-- \/ Yoast SEO plugin. -->","yoast_head_json":{"title":"Genel Bilgiler - Villa Perest","robots":{"index":"index","follow":"follow","max-snippet":"max-snippet:-1","max-image-preview":"max-image-preview:large","max-video-preview":"max-video-preview:-1"},"canonical":"https:\/\/www.villaperest.com\/general-information\/","og_locale":"tr_TR","og_type":"article","og_title":"Genel Bilgiler - Villa Perest","og_url":"https:\/\/www.villaperest.com\/general-information\/","og_site_name":"Villa Perest","article_modified_time":"2020-07-07T15:51:04+00:00","twitter_card":"summary_large_image","twitter_misc":{"Tahmini okuma s\u00fcresi":"2 dakika"},"schema":{"@context":"https:\/\/schema.org","@graph":[{"@type":"WebPage","@id":"https:\/\/www.villaperest.com\/general-information\/","url":"https:\/\/www.villaperest.com\/general-information\/","name":"Genel Bilgiler - Villa Perest","isPartOf":{"@id":"https:\/\/www.villaperest.com\/#website"},"datePublished":"2020-07-07T15:45:08+00:00","dateModified":"2020-07-07T15:51:04+00:00","breadcrumb":{"@id":"https:\/\/www.villaperest.com\/general-information\/#breadcrumb"},"inLanguage":"tr","potentialAction":[{"@type":"ReadAction","target":["https:\/\/www.villaperest.com\/general-information\/"]}]},{"@type":"BreadcrumbList","@id":"https:\/\/www.villaperest.com\/general-information\/#breadcrumb","itemListElement":[{"@type":"ListItem","position":1,"name":"Anasayfa","item":"https:\/\/www.villaperest.com\/"},{"@type":"ListItem","position":2,"name":"General Information"}]},{"@type":"WebSite","@id":"https:\/\/www.villaperest.com\/#website","url":"https:\/\/www.villaperest.com\/","name":"Villa Perest","description":"Villa Kiralama, G\u00f6cek, Fethiye","potentialAction":[{"@type":"SearchAction","target":{"@type":"EntryPoint","urlTemplate":"https:\/\/www.villaperest.com\/?s={search_term_string}"},"query-input":{"@type":"PropertyValueSpecification","valueRequired":true,"valueName":"search_term_string"}}],"inLanguage":"tr"}]}},"_links":{"self":[{"href":"https:\/\/www.villaperest.com\/tr\/wp-json\/wp\/v2\/pages\/9615","targetHints":{"allow":["GET"]}}],"collection":[{"href":"https:\/\/www.villaperest.com\/tr\/wp-json\/wp\/v2\/pages"}],"about":[{"href":"https:\/\/www.villaperest.com\/tr\/wp-json\/wp\/v2\/types\/page"}],"author":[{"embeddable":true,"href":"https:\/\/www.villaperest.com\/tr\/wp-json\/wp\/v2\/users\/1"}],"replies":[{"embeddable":true,"href":"https:\/\/www.villaperest.com\/tr\/wp-json\/wp\/v2\/comments?post=9615"}],"version-history":[{"count":2,"href":"https:\/\/www.villaperest.com\/tr\/wp-json\/wp\/v2\/pages\/9615\/revisions"}],"predecessor-version":[{"id":9618,"href":"https:\/\/www.villaperest.com\/tr\/wp-json\/wp\/v2\/pages\/9615\/revisions\/9618"}],"wp:attachment":[{"href":"https:\/\/www.villaperest.com\/tr\/wp-json\/wp\/v2\/media?parent=9615"}],"curies":[{"name":"wp","href":"https:\/\/api.w.org\/{rel}","templated":true}]}}