{"id":42,"date":"2015-12-05T05:51:37","date_gmt":"2015-12-05T05:51:37","guid":{"rendered":"http:\/\/dreamvilla.fortune-creations.com\/wp\/import_dreamvilla_multiple_property\/?page_id=42"},"modified":"2025-08-03T01:08:52","modified_gmt":"2025-08-02T22:08:52","slug":"about-villaperest","status":"publish","type":"page","link":"https:\/\/www.villaperest.com\/tr\/about-villaperest\/","title":{"rendered":"Hakk\u0131m\u0131zda"},"content":{"rendered":"[vc_row][vc_column width=&#8221;1\/2&#8243; css=&#8221;.vc_custom_1469449018780{padding-left: 0px !important;}&#8221;]<div class=\"dreamvilla-vertical-space3\"><\/div>\r\n\t<div class=\"max-title max-title1\">\r\n\t\t<h1 class=\"text-left\"><span class=\"title_with_line after left\">About us<\/span><\/h1>\r\n\t<\/div><div class=\"dreamvilla-vertical-space2\"><\/div><div class=\"dreamvilla-vertical-space1\"><\/div><div class=\"dreamvilla-vertical-space1\"><\/div><div class=\"dreamvilla-vertical-space4\"><\/div>[\/vc_column][vc_column width=&#8221;1\/2&#8243; css=&#8221;.vc_custom_1469449025547{padding-right: 0px !important;}&#8221;]<div class=\"dreamvilla-vertical-space4\"><\/div>[\/vc_column][\/vc_row][vc_row][vc_column css=&#8221;.vc_custom_1469449051682{padding-right: 0px !important;padding-left: 0px !important;}&#8221;]<div class=\"dreamvilla-vertical-space4\"><\/div>\r\n\t<div class=\"max-title max-title1\">\r\n\t\t<h1 class=\"text-center\"><span class=\"title_with_icon after left\">Villaperest'in \u00d6zellikleri<\/span><\/h1>\r\n\t<\/div><div class=\"dreamvilla-vertical-space1\"><\/div>[vc_column_text][\/vc_column_text]<div class=\"dreamvilla-vertical-space1\"><\/div>[vc_row_inner][vc_column_inner width=&#8221;1\/3&#8243;]\r\n\t\t<div class=\"dreamvilla_iconbox_variation_3 inner-page-features-villa\">\r\n\t\t\t<div class=\"inner-feature-villa\">\r\n\t\t\t\t<div class=\"services-we-offer-background-none\"><img decoding=\"async\" src=\"https:\/\/www.villaperest.com\/wp-content\/uploads\/2015\/12\/neghbor.png\" alt=\"Icon\" \/><\/div>\r\n\t\t\t\t<h4>M\u0130SAF\u0130RPERVER K\u0130RALAMA H\u0130ZMET\u0130<\/h4>\r\n\t\t\t\t<p>Misafirlerimizi villalar\u0131m\u0131zda g\u00fcler y\u00fcz ile kar\u015f\u0131l\u0131yoruz ve kendilerini evinde gibi hissetmeleri i\u00e7in \u00e7al\u0131\u015f\u0131yoruz. <\/p>\r\n\t\t\t\t<p> <\/p>\r\n\t\t\t<\/div>\r\n\t\t<\/div>\r\n\t\t[\/vc_column_inner][vc_column_inner width=&#8221;1\/3&#8243;]\r\n\t\t<div class=\"dreamvilla_iconbox_variation_3 inner-page-features-villa\">\r\n\t\t\t<div class=\"inner-feature-villa\">\r\n\t\t\t\t<div class=\"services-we-offer-background-none\"><img decoding=\"async\" src=\"https:\/\/www.villaperest.com\/wp-content\/uploads\/2015\/12\/green.png\" alt=\"Icon\" \/><\/div>\r\n\t\t\t\t<h4>Do\u011fa Dostu<\/h4>\r\n\t\t\t\t<p>\u00c7al\u0131\u015fmalar\u0131m\u0131zda do\u011faya,do\u011fal ya\u015fama ve do\u011fal hayvanlara zarar vermiyoruz.<\/p>\r\n\t\t\t\t<p> <\/p>\r\n\t\t\t<\/div>\r\n\t\t<\/div>\r\n\t\t[\/vc_column_inner][vc_column_inner width=&#8221;1\/3&#8243;]\r\n\t\t<div class=\"dreamvilla_iconbox_variation_3 inner-page-features-villa\">\r\n\t\t\t<div class=\"inner-feature-villa\">\r\n\t\t\t\t<div class=\"services-we-offer-background-none\"><img decoding=\"async\" src=\"https:\/\/www.villaperest.com\/wp-content\/uploads\/2015\/12\/furnished.jpg\" alt=\"Icon\" \/><\/div>\r\n\t\t\t\t<h4>PROFESYONEL H\u0130ZMET<\/h4>\r\n\t\t\t\t<p>Kendimizi s\u00fcrekli g\u00fcncelleyerek,profesyonel hizmet vermek i\u00e7in \u00e7al\u0131\u015f\u0131yoruz<\/p>\r\n\t\t\t\t<p> <\/p>\r\n\t\t\t<\/div>\r\n\t\t<\/div>\r\n\t\t[\/vc_column_inner][\/vc_row_inner][vc_row_inner][vc_column_inner width=&#8221;1\/3&#8243;]\r\n\t\t<div class=\"dreamvilla_iconbox_variation_3 inner-page-features-villa\">\r\n\t\t\t<div class=\"inner-feature-villa\">\r\n\t\t\t\t<div class=\"services-we-offer-background-none\"><img decoding=\"async\" src=\"https:\/\/www.villaperest.com\/wp-content\/uploads\/2015\/12\/strong.png\" alt=\"Icon\" \/><\/div>\r\n\t\t\t\t<h4>Yorum &amp; Geri Bildirim<\/h4>\r\n\t\t\t\t<p>Yorumlar\u0131n\u0131z ve geri bildirimleriniz bizim i\u00e7in \u00e7ok \u00f6nemlidir.<\/p>\r\n\t\t\t\t<p> <\/p>\r\n\t\t\t<\/div>\r\n\t\t<\/div>\r\n\t\t[\/vc_column_inner][vc_column_inner width=&#8221;1\/3&#8243;]\r\n\t\t<div class=\"dreamvilla_iconbox_variation_3 inner-page-features-villa\">\r\n\t\t\t<div class=\"inner-feature-villa\">\r\n\t\t\t\t<div class=\"services-we-offer-background-none\"><img decoding=\"async\" src=\"https:\/\/www.villaperest.com\/wp-content\/uploads\/2015\/12\/mortargage.png\" alt=\"Icon\" \/><\/div>\r\n\t\t\t\t<h4>HIZLI CEVAP &amp; GER\u0130 B\u0130LD\u0130R\u0130M<\/h4>\r\n\t\t\t\t<p>Talep ve sorular\u0131n\u0131za en k\u0131sa zamanda cevap veriyoruz.\u00c7\u00f6z\u00fcm gerektiren konular ile en k\u0131sa s\u00fcrede ilgileniyoruz.<\/p>\r\n\t\t\t\t<p> <\/p>\r\n\t\t\t<\/div>\r\n\t\t<\/div>\r\n\t\t[\/vc_column_inner][vc_column_inner width=&#8221;1\/3&#8243;]\r\n\t\t<div class=\"dreamvilla_iconbox_variation_3 inner-page-features-villa\">\r\n\t\t\t<div class=\"inner-feature-villa\">\r\n\t\t\t\t<div class=\"services-we-offer-background-none\"><img decoding=\"async\" src=\"https:\/\/www.villaperest.com\/wp-content\/uploads\/2015\/12\/paint.png\" alt=\"Icon\" \/><\/div>\r\n\t\t\t\t<h4>\u00dcCRETS\u0130Z TAT\u0130L DANI\u015eMANLI\u011eI<\/h4>\r\n\t\t\t\t<p>Bu b\u00f6lgede ya\u015fad\u0131\u011f\u0131m\u0131z i\u00e7in b\u00f6lgemizdeki turistik yerleri iyi \u015fekilde biliyoruz ve tatilinizi en verimli \u015fekilde ge\u00e7irmeniz i\u00e7in \u00fccretsiz tatil tavsiyesi veriyoruz.<\/p>\r\n\t\t\t\t<p> <\/p>\r\n\t\t\t<\/div>\r\n\t\t<\/div>\r\n\t\t[\/vc_column_inner][\/vc_row_inner]<div class=\"dreamvilla-vertical-space4\"><\/div>[\/vc_column][\/vc_row]\n","protected":false},"excerpt":{"rendered":"<p>[vc_row][vc_column width=&#8221;1\/2&#8243; css=&#8221;.vc_custom_1469449018780{padding-left: 0px !important;}&#8221;][\/vc_column][vc_column width=&#8221;1\/2&#8243; css=&#8221;.vc_custom_1469449025547{padding-right: 0px !important;}&#8221;][\/vc_column][\/vc_row][vc_row][vc_column css=&#8221;.vc_custom_1469449051682{padding-right: 0px !important;padding-left: 0px !important;}&#8221;][vc_column_text][\/vc_column_text][vc_row_inner][vc_column_inner width=&#8221;1\/3&#8243;][\/vc_column_inner][vc_column_inner width=&#8221;1\/3&#8243;][\/vc_column_inner][vc_column_inner width=&#8221;1\/3&#8243;][\/vc_column_inner][\/vc_row_inner][vc_row_inner][vc_column_inner width=&#8221;1\/3&#8243;][\/vc_column_inner][vc_column_inner width=&#8221;1\/3&#8243;][\/vc_column_inner][vc_column_inner width=&#8221;1\/3&#8243;][\/vc_column_inner][\/vc_row_inner][\/vc_column][\/vc_row]<\/p>\n","protected":false},"author":70,"featured_media":0,"parent":0,"menu_order":0,"comment_status":"closed","ping_status":"closed","template":"","meta":{"_joinchat":[],"footnotes":""},"class_list":["post-42","page","type-page","status-publish","hentry"],"translation":{"provider":"WPGlobus","version":"3.0.2","language":"tr","enabled_languages":["en","tr"],"languages":{"en":{"title":true,"content":true,"excerpt":false},"tr":{"title":true,"content":true,"excerpt":false}}},"yoast_head":"<!-- This site is optimized with the Yoast SEO plugin v27.4 - https:\/\/yoast.com\/product\/yoast-seo-wordpress\/ -->\n<title>Hakk\u0131m\u0131zda - Villa Perest<\/title>\n<meta name=\"description\" content=\"Misafirperver kiralama hizmeti, do\u011fa dostu, profesyonel hizmet, h\u0131zl\u0131 cevap ve geri bildirim, \u00fccretsiz tatil dan\u0131\u015fmanl\u0131\u011f\u0131, Villa Perest, G\u00f6cek. G\u00f6cek Kayalar Turizm \u0130n\u015faat Sanayi Ticaret Limited \u015eirketi\" \/>\n<meta name=\"robots\" content=\"index, follow, max-snippet:-1, max-image-preview:large, max-video-preview:-1\" \/>\n<link rel=\"canonical\" href=\"https:\/\/www.villaperest.com\/about-villaperest\/\" \/>\n<meta property=\"og:locale\" content=\"tr_TR\" \/>\n<meta property=\"og:type\" content=\"article\" \/>\n<meta property=\"og:title\" content=\"Hakk\u0131m\u0131zda - Villa Perest\" \/>\n<meta property=\"og:description\" content=\"Misafirperver kiralama hizmeti, do\u011fa dostu, profesyonel hizmet, h\u0131zl\u0131 cevap ve geri bildirim, \u00fccretsiz tatil dan\u0131\u015fmanl\u0131\u011f\u0131, Villa Perest, G\u00f6cek. G\u00f6cek Kayalar Turizm \u0130n\u015faat Sanayi Ticaret Limited \u015eirketi\" \/>\n<meta property=\"og:url\" content=\"https:\/\/www.villaperest.com\/about-villaperest\/\" \/>\n<meta property=\"og:site_name\" content=\"Villa Perest\" \/>\n<meta property=\"article:modified_time\" content=\"2025-08-02T22:08:52+00:00\" \/>\n<meta name=\"twitter:card\" content=\"summary_large_image\" \/>\n<meta name=\"twitter:label1\" content=\"Tahmini okuma s\u00fcresi\" \/>\n\t<meta name=\"twitter:data1\" content=\"1 dakika\" \/>\n<script type=\"application\/ld+json\" class=\"yoast-schema-graph\">{\"@context\":\"https:\\\/\\\/schema.org\",\"@graph\":[{\"@type\":\"WebPage\",\"@id\":\"https:\\\/\\\/www.villaperest.com\\\/about-villaperest\\\/\",\"url\":\"https:\\\/\\\/www.villaperest.com\\\/about-villaperest\\\/\",\"name\":\"Hakk\u0131m\u0131zda - Villa Perest\",\"isPartOf\":{\"@id\":\"https:\\\/\\\/www.villaperest.com\\\/#website\"},\"datePublished\":\"2015-12-05T05:51:37+00:00\",\"dateModified\":\"2025-08-02T22:08:52+00:00\",\"description\":\"Misafirperver kiralama hizmeti, do\u011fa dostu, profesyonel hizmet, h\u0131zl\u0131 cevap ve geri bildirim, \u00fccretsiz tatil dan\u0131\u015fmanl\u0131\u011f\u0131, Villa Perest, G\u00f6cek. G\u00f6cek Kayalar Turizm \u0130n\u015faat Sanayi Ticaret Limited \u015eirketi\",\"breadcrumb\":{\"@id\":\"https:\\\/\\\/www.villaperest.com\\\/about-villaperest\\\/#breadcrumb\"},\"inLanguage\":\"tr\",\"potentialAction\":[{\"@type\":\"ReadAction\",\"target\":[\"https:\\\/\\\/www.villaperest.com\\\/about-villaperest\\\/\"]}]},{\"@type\":\"BreadcrumbList\",\"@id\":\"https:\\\/\\\/www.villaperest.com\\\/about-villaperest\\\/#breadcrumb\",\"itemListElement\":[{\"@type\":\"ListItem\",\"position\":1,\"name\":\"Anasayfa\",\"item\":\"https:\\\/\\\/www.villaperest.com\\\/\"},{\"@type\":\"ListItem\",\"position\":2,\"name\":\"About Villaperest\"}]},{\"@type\":\"WebSite\",\"@id\":\"https:\\\/\\\/www.villaperest.com\\\/#website\",\"url\":\"https:\\\/\\\/www.villaperest.com\\\/\",\"name\":\"Villa Perest\",\"description\":\"Villa Kiralama, G\u00f6cek, Fethiye\",\"potentialAction\":[{\"@type\":\"SearchAction\",\"target\":{\"@type\":\"EntryPoint\",\"urlTemplate\":\"https:\\\/\\\/www.villaperest.com\\\/?s={search_term_string}\"},\"query-input\":{\"@type\":\"PropertyValueSpecification\",\"valueRequired\":true,\"valueName\":\"search_term_string\"}}],\"inLanguage\":\"tr\"}]}<\/script>\n<!-- \/ Yoast SEO plugin. -->","yoast_head_json":{"title":"Hakk\u0131m\u0131zda - Villa Perest","description":"Misafirperver kiralama hizmeti, do\u011fa dostu, profesyonel hizmet, h\u0131zl\u0131 cevap ve geri bildirim, \u00fccretsiz tatil dan\u0131\u015fmanl\u0131\u011f\u0131, Villa Perest, G\u00f6cek. G\u00f6cek Kayalar Turizm \u0130n\u015faat Sanayi Ticaret Limited \u015eirketi","robots":{"index":"index","follow":"follow","max-snippet":"max-snippet:-1","max-image-preview":"max-image-preview:large","max-video-preview":"max-video-preview:-1"},"canonical":"https:\/\/www.villaperest.com\/about-villaperest\/","og_locale":"tr_TR","og_type":"article","og_title":"Hakk\u0131m\u0131zda - Villa Perest","og_description":"Misafirperver kiralama hizmeti, do\u011fa dostu, profesyonel hizmet, h\u0131zl\u0131 cevap ve geri bildirim, \u00fccretsiz tatil dan\u0131\u015fmanl\u0131\u011f\u0131, Villa Perest, G\u00f6cek. G\u00f6cek Kayalar Turizm \u0130n\u015faat Sanayi Ticaret Limited \u015eirketi","og_url":"https:\/\/www.villaperest.com\/about-villaperest\/","og_site_name":"Villa Perest","article_modified_time":"2025-08-02T22:08:52+00:00","twitter_card":"summary_large_image","twitter_misc":{"Tahmini okuma s\u00fcresi":"1 dakika"},"schema":{"@context":"https:\/\/schema.org","@graph":[{"@type":"WebPage","@id":"https:\/\/www.villaperest.com\/about-villaperest\/","url":"https:\/\/www.villaperest.com\/about-villaperest\/","name":"Hakk\u0131m\u0131zda - Villa Perest","isPartOf":{"@id":"https:\/\/www.villaperest.com\/#website"},"datePublished":"2015-12-05T05:51:37+00:00","dateModified":"2025-08-02T22:08:52+00:00","description":"Misafirperver kiralama hizmeti, do\u011fa dostu, profesyonel hizmet, h\u0131zl\u0131 cevap ve geri bildirim, \u00fccretsiz tatil dan\u0131\u015fmanl\u0131\u011f\u0131, Villa Perest, G\u00f6cek. G\u00f6cek Kayalar Turizm \u0130n\u015faat Sanayi Ticaret Limited \u015eirketi","breadcrumb":{"@id":"https:\/\/www.villaperest.com\/about-villaperest\/#breadcrumb"},"inLanguage":"tr","potentialAction":[{"@type":"ReadAction","target":["https:\/\/www.villaperest.com\/about-villaperest\/"]}]},{"@type":"BreadcrumbList","@id":"https:\/\/www.villaperest.com\/about-villaperest\/#breadcrumb","itemListElement":[{"@type":"ListItem","position":1,"name":"Anasayfa","item":"https:\/\/www.villaperest.com\/"},{"@type":"ListItem","position":2,"name":"About Villaperest"}]},{"@type":"WebSite","@id":"https:\/\/www.villaperest.com\/#website","url":"https:\/\/www.villaperest.com\/","name":"Villa Perest","description":"Villa Kiralama, G\u00f6cek, Fethiye","potentialAction":[{"@type":"SearchAction","target":{"@type":"EntryPoint","urlTemplate":"https:\/\/www.villaperest.com\/?s={search_term_string}"},"query-input":{"@type":"PropertyValueSpecification","valueRequired":true,"valueName":"search_term_string"}}],"inLanguage":"tr"}]}},"_links":{"self":[{"href":"https:\/\/www.villaperest.com\/tr\/wp-json\/wp\/v2\/pages\/42","targetHints":{"allow":["GET"]}}],"collection":[{"href":"https:\/\/www.villaperest.com\/tr\/wp-json\/wp\/v2\/pages"}],"about":[{"href":"https:\/\/www.villaperest.com\/tr\/wp-json\/wp\/v2\/types\/page"}],"author":[{"embeddable":true,"href":"https:\/\/www.villaperest.com\/tr\/wp-json\/wp\/v2\/users\/70"}],"replies":[{"embeddable":true,"href":"https:\/\/www.villaperest.com\/tr\/wp-json\/wp\/v2\/comments?post=42"}],"version-history":[{"count":31,"href":"https:\/\/www.villaperest.com\/tr\/wp-json\/wp\/v2\/pages\/42\/revisions"}],"predecessor-version":[{"id":9805,"href":"https:\/\/www.villaperest.com\/tr\/wp-json\/wp\/v2\/pages\/42\/revisions\/9805"}],"wp:attachment":[{"href":"https:\/\/www.villaperest.com\/tr\/wp-json\/wp\/v2\/media?parent=42"}],"curies":[{"name":"wp","href":"https:\/\/api.w.org\/{rel}","templated":true}]}}